{"id":4565,"date":"2025-03-11T17:18:29","date_gmt":"2025-03-11T16:18:29","guid":{"rendered":"https:\/\/spo.daruszinyi.hu\/about-us\/"},"modified":"2025-03-20T20:25:00","modified_gmt":"2025-03-20T19:25:00","slug":"about-us","status":"publish","type":"page","link":"https:\/\/spo.daruszinyi.hu\/en\/about-us\/","title":{"rendered":"About us"},"content":{"rendered":"\t\t<div data-elementor-type=\"wp-page\" data-elementor-id=\"4565\" class=\"elementor elementor-4565 elementor-1478\" data-elementor-post-type=\"page\">\n\t\t\t\t<div class=\"elementor-element elementor-element-ec029cc e-con-full e-flex e-con e-parent\" data-id=\"ec029cc\" data-element_type=\"container\" data-settings=\"{&quot;background_background&quot;:&quot;classic&quot;,&quot;jet_parallax_layout_list&quot;:[]}\">\n\t\t\t\t<div class=\"elementor-element elementor-element-037aa2f elementor-widget elementor-widget-heading\" data-id=\"037aa2f\" data-element_type=\"widget\" data-widget_type=\"heading.default\">\n\t\t\t\t<div class=\"elementor-widget-container\">\n\t\t\t\t\t<h6 class=\"elementor-heading-title elementor-size-default\">About us<\/h6>\t\t\t\t<\/div>\n\t\t\t\t<\/div>\n\t\t\t\t<\/div>\n\t\t<div class=\"elementor-element elementor-element-d726902 e-con-full e-flex e-con e-parent\" data-id=\"d726902\" data-element_type=\"container\" data-settings=\"{&quot;jet_parallax_layout_list&quot;:[]}\">\n\t\t\t\t<div class=\"elementor-element elementor-element-fc68fbd elementor-widget__width-initial elementor-widget elementor-widget-jet-listing-grid\" data-id=\"fc68fbd\" data-element_type=\"widget\" data-settings=\"{&quot;columns&quot;:&quot;3&quot;}\" data-widget_type=\"jet-listing-grid.default\">\n\t\t\t\t<div class=\"elementor-widget-container\">\n\t\t\t\t\t<div class=\"jet-listing-grid jet-listing\"><div class=\"jet-listing-grid__items grid-col-desk-3 grid-col-tablet-3 grid-col-mobile-3 jet-listing-grid--4449 jet-listing-grid__masonry grid-collapse-gap\" data-masonry-grid-options=\"{&quot;columns&quot;:{&quot;desktop&quot;:3,&quot;tablet&quot;:3,&quot;mobile&quot;:3}}\" data-queried-id=\"4565|WP_Post\" data-nav=\"{&quot;enabled&quot;:false,&quot;type&quot;:null,&quot;more_el&quot;:null,&quot;query&quot;:[],&quot;widget_settings&quot;:{&quot;lisitng_id&quot;:4449,&quot;posts_num&quot;:1000,&quot;columns&quot;:3,&quot;columns_tablet&quot;:3,&quot;columns_mobile&quot;:3,&quot;column_min_width&quot;:240,&quot;column_min_width_tablet&quot;:240,&quot;column_min_width_mobile&quot;:240,&quot;inline_columns_css&quot;:false,&quot;is_archive_template&quot;:&quot;&quot;,&quot;post_status&quot;:[&quot;publish&quot;],&quot;use_random_posts_num&quot;:&quot;&quot;,&quot;max_posts_num&quot;:9,&quot;not_found_message&quot;:&quot;No event found&quot;,&quot;is_masonry&quot;:true,&quot;equal_columns_height&quot;:&quot;&quot;,&quot;use_load_more&quot;:&quot;&quot;,&quot;load_more_id&quot;:&quot;load-more-gallery&quot;,&quot;load_more_type&quot;:&quot;click&quot;,&quot;load_more_offset&quot;:{&quot;unit&quot;:&quot;px&quot;,&quot;size&quot;:0,&quot;sizes&quot;:[]},&quot;use_custom_post_types&quot;:&quot;&quot;,&quot;custom_post_types&quot;:[&quot;post&quot;],&quot;hide_widget_if&quot;:&quot;&quot;,&quot;carousel_enabled&quot;:&quot;&quot;,&quot;slides_to_scroll&quot;:&quot;1&quot;,&quot;arrows&quot;:&quot;true&quot;,&quot;arrow_icon&quot;:&quot;fa fa-angle-left&quot;,&quot;dots&quot;:&quot;&quot;,&quot;autoplay&quot;:&quot;true&quot;,&quot;pause_on_hover&quot;:&quot;true&quot;,&quot;autoplay_speed&quot;:5000,&quot;infinite&quot;:&quot;true&quot;,&quot;center_mode&quot;:&quot;&quot;,&quot;effect&quot;:&quot;slide&quot;,&quot;speed&quot;:500,&quot;inject_alternative_items&quot;:&quot;&quot;,&quot;injection_items&quot;:[],&quot;scroll_slider_enabled&quot;:&quot;&quot;,&quot;scroll_slider_on&quot;:[&quot;desktop&quot;,&quot;tablet&quot;,&quot;mobile&quot;],&quot;custom_query&quot;:&quot;yes&quot;,&quot;custom_query_id&quot;:&quot;4&quot;,&quot;_element_id&quot;:&quot;&quot;,&quot;collapse_first_last_gap&quot;:&quot;true&quot;,&quot;list_items_wrapper_tag&quot;:&quot;div&quot;,&quot;list_item_tag&quot;:&quot;div&quot;,&quot;empty_items_wrapper_tag&quot;:&quot;div&quot;}}\" data-page=\"1\" data-pages=\"0\" data-listing-source=\"query\" data-listing-id=\"4449\" data-query-id=\"4\"><div class=\"jet-listing-grid__item jet-listing-dynamic-post-4537\" data-post-id=\"4537\" ><div class=\"jet-engine-listing-overlay-wrap jet-popup-target\" data-url=\"#\" data-popup-instance=\"4642\" data-popup-trigger-type=\"click-self\" data-popup-is-jet-engine=\"1\">\t\t<div data-elementor-type=\"jet-listing-items\" data-elementor-id=\"4449\" class=\"elementor elementor-4449\" data-elementor-post-type=\"jet-engine\">\n\t\t\t\t<div class=\"elementor-element elementor-element-bc7c41c e-flex e-con-boxed e-con e-parent\" data-id=\"bc7c41c\" data-element_type=\"container\" data-settings=\"{&quot;jet_parallax_layout_list&quot;:[]}\">\n\t\t\t\t\t<div class=\"e-con-inner\">\n\t\t<div class=\"elementor-element elementor-element-3734ae4 e-con-full e-flex e-con e-child\" data-id=\"3734ae4\" data-element_type=\"container\" data-settings=\"{&quot;jet_parallax_layout_list&quot;:[]}\">\n\t\t\t\t<div class=\"elementor-element elementor-element-3d0309a elementor-widget elementor-widget-image\" data-id=\"3d0309a\" data-element_type=\"widget\" data-widget_type=\"image.default\">\n\t\t\t\t<div class=\"elementor-widget-container\">\n\t\t\t\t\t\t\t\t\t\t\t\t\t\t\t<img fetchpriority=\"high\" decoding=\"async\" width=\"1642\" height=\"2052\" src=\"https:\/\/spo.daruszinyi.hu\/wp-content\/uploads\/2025\/03\/6034173887c1d323418858.jpg\" class=\"attachment-full size-full wp-image-1631\" alt=\"\" srcset=\"https:\/\/spo.daruszinyi.hu\/wp-content\/uploads\/2025\/03\/6034173887c1d323418858.jpg 1642w, https:\/\/spo.daruszinyi.hu\/wp-content\/uploads\/2025\/03\/6034173887c1d323418858-240x300.jpg 240w, https:\/\/spo.daruszinyi.hu\/wp-content\/uploads\/2025\/03\/6034173887c1d323418858-819x1024.jpg 819w, https:\/\/spo.daruszinyi.hu\/wp-content\/uploads\/2025\/03\/6034173887c1d323418858-768x960.jpg 768w, https:\/\/spo.daruszinyi.hu\/wp-content\/uploads\/2025\/03\/6034173887c1d323418858-1229x1536.jpg 1229w, https:\/\/spo.daruszinyi.hu\/wp-content\/uploads\/2025\/03\/6034173887c1d323418858-1639x2048.jpg 1639w\" sizes=\"(max-width: 1642px) 100vw, 1642px\" \/>\t\t\t\t\t\t\t\t\t\t\t\t\t\t\t<\/div>\n\t\t\t\t<\/div>\n\t\t<div class=\"elementor-element elementor-element-f550b7f e-con-full e-flex e-con e-child\" data-id=\"f550b7f\" data-element_type=\"container\" data-settings=\"{&quot;background_background&quot;:&quot;classic&quot;,&quot;jet_parallax_layout_list&quot;:[]}\">\n\t\t\t\t<div class=\"elementor-element elementor-element-46b1f3f elementor-widget elementor-widget-heading\" data-id=\"46b1f3f\" data-element_type=\"widget\" data-widget_type=\"heading.default\">\n\t\t\t\t<div class=\"elementor-widget-container\">\n\t\t\t\t\t<h2 class=\"elementor-heading-title elementor-size-default\"><a href=\"https:\/\/spo.daruszinyi.hu\/en\/csapattagok\/krisztina-deak\/\">Krisztina De\u00e1k<\/a><\/h2>\t\t\t\t<\/div>\n\t\t\t\t<\/div>\n\t\t\t\t<div class=\"elementor-element elementor-element-48d0ae7 elementor-widget elementor-widget-heading\" data-id=\"48d0ae7\" data-element_type=\"widget\" data-widget_type=\"heading.default\">\n\t\t\t\t<div class=\"elementor-widget-container\">\n\t\t\t\t\t<h2 class=\"elementor-heading-title elementor-size-default\">Vice President, Coordinator<\/h2>\t\t\t\t<\/div>\n\t\t\t\t<\/div>\n\t\t\t\t<\/div>\n\t\t\t\t<\/div>\n\t\t\t\t\t<\/div>\n\t\t\t\t<\/div>\n\t\t\t\t<\/div>\n\t\t<a href=\"#\" class=\"jet-engine-listing-overlay-link\"><\/a><\/div><\/div><div class=\"jet-listing-grid__item jet-listing-dynamic-post-4540\" data-post-id=\"4540\" ><div class=\"jet-engine-listing-overlay-wrap jet-popup-target\" data-url=\"#\" data-popup-instance=\"4642\" data-popup-trigger-type=\"click-self\" data-popup-is-jet-engine=\"1\">\t\t<div data-elementor-type=\"jet-listing-items\" data-elementor-id=\"4449\" class=\"elementor elementor-4449\" data-elementor-post-type=\"jet-engine\">\n\t\t\t\t<div class=\"elementor-element elementor-element-bc7c41c e-flex e-con-boxed e-con e-parent\" data-id=\"bc7c41c\" data-element_type=\"container\" data-settings=\"{&quot;jet_parallax_layout_list&quot;:[]}\">\n\t\t\t\t\t<div class=\"e-con-inner\">\n\t\t<div class=\"elementor-element elementor-element-3734ae4 e-con-full e-flex e-con e-child\" data-id=\"3734ae4\" data-element_type=\"container\" data-settings=\"{&quot;jet_parallax_layout_list&quot;:[]}\">\n\t\t\t\t<div class=\"elementor-element elementor-element-3d0309a elementor-widget elementor-widget-image\" data-id=\"3d0309a\" data-element_type=\"widget\" data-widget_type=\"image.default\">\n\t\t\t\t<div class=\"elementor-widget-container\">\n\t\t\t\t\t\t\t\t\t\t\t\t\t\t\t<img decoding=\"async\" width=\"560\" height=\"700\" src=\"https:\/\/spo.daruszinyi.hu\/wp-content\/uploads\/2025\/03\/5c6da2ee785bb434808471.jpg\" class=\"attachment-full size-full wp-image-1633\" alt=\"\" srcset=\"https:\/\/spo.daruszinyi.hu\/wp-content\/uploads\/2025\/03\/5c6da2ee785bb434808471.jpg 560w, https:\/\/spo.daruszinyi.hu\/wp-content\/uploads\/2025\/03\/5c6da2ee785bb434808471-240x300.jpg 240w\" sizes=\"(max-width: 560px) 100vw, 560px\" \/>\t\t\t\t\t\t\t\t\t\t\t\t\t\t\t<\/div>\n\t\t\t\t<\/div>\n\t\t<div class=\"elementor-element elementor-element-f550b7f e-con-full e-flex e-con e-child\" data-id=\"f550b7f\" data-element_type=\"container\" data-settings=\"{&quot;background_background&quot;:&quot;classic&quot;,&quot;jet_parallax_layout_list&quot;:[]}\">\n\t\t\t\t<div class=\"elementor-element elementor-element-46b1f3f elementor-widget elementor-widget-heading\" data-id=\"46b1f3f\" data-element_type=\"widget\" data-widget_type=\"heading.default\">\n\t\t\t\t<div class=\"elementor-widget-container\">\n\t\t\t\t\t<h2 class=\"elementor-heading-title elementor-size-default\"><a href=\"https:\/\/spo.daruszinyi.hu\/en\/csapattagok\/dora-albert\/\">D\u00f3ra Albert<\/a><\/h2>\t\t\t\t<\/div>\n\t\t\t\t<\/div>\n\t\t\t\t<div class=\"elementor-element elementor-element-48d0ae7 elementor-widget elementor-widget-heading\" data-id=\"48d0ae7\" data-element_type=\"widget\" data-widget_type=\"heading.default\">\n\t\t\t\t<div class=\"elementor-widget-container\">\n\t\t\t\t\t<h2 class=\"elementor-heading-title elementor-size-default\">Secretary General, Coordinator<\/h2>\t\t\t\t<\/div>\n\t\t\t\t<\/div>\n\t\t\t\t<\/div>\n\t\t\t\t<\/div>\n\t\t\t\t\t<\/div>\n\t\t\t\t<\/div>\n\t\t\t\t<\/div>\n\t\t<a href=\"#\" class=\"jet-engine-listing-overlay-link\"><\/a><\/div><\/div><div class=\"jet-listing-grid__item jet-listing-dynamic-post-4543\" data-post-id=\"4543\" ><div class=\"jet-engine-listing-overlay-wrap jet-popup-target\" data-url=\"#\" data-popup-instance=\"4642\" data-popup-trigger-type=\"click-self\" data-popup-is-jet-engine=\"1\">\t\t<div data-elementor-type=\"jet-listing-items\" data-elementor-id=\"4449\" class=\"elementor elementor-4449\" data-elementor-post-type=\"jet-engine\">\n\t\t\t\t<div class=\"elementor-element elementor-element-bc7c41c e-flex e-con-boxed e-con e-parent\" data-id=\"bc7c41c\" data-element_type=\"container\" data-settings=\"{&quot;jet_parallax_layout_list&quot;:[]}\">\n\t\t\t\t\t<div class=\"e-con-inner\">\n\t\t<div class=\"elementor-element elementor-element-3734ae4 e-con-full e-flex e-con e-child\" data-id=\"3734ae4\" data-element_type=\"container\" data-settings=\"{&quot;jet_parallax_layout_list&quot;:[]}\">\n\t\t\t\t<div class=\"elementor-element elementor-element-3d0309a elementor-widget elementor-widget-image\" data-id=\"3d0309a\" data-element_type=\"widget\" data-widget_type=\"image.default\">\n\t\t\t\t<div class=\"elementor-widget-container\">\n\t\t\t\t\t\t\t\t\t\t\t\t\t\t\t<img decoding=\"async\" width=\"895\" height=\"1119\" src=\"https:\/\/spo.daruszinyi.hu\/wp-content\/uploads\/2025\/03\/61961e72ea4bb928893741.jpg\" class=\"attachment-full size-full wp-image-1629\" alt=\"\" srcset=\"https:\/\/spo.daruszinyi.hu\/wp-content\/uploads\/2025\/03\/61961e72ea4bb928893741.jpg 895w, https:\/\/spo.daruszinyi.hu\/wp-content\/uploads\/2025\/03\/61961e72ea4bb928893741-240x300.jpg 240w, https:\/\/spo.daruszinyi.hu\/wp-content\/uploads\/2025\/03\/61961e72ea4bb928893741-819x1024.jpg 819w, https:\/\/spo.daruszinyi.hu\/wp-content\/uploads\/2025\/03\/61961e72ea4bb928893741-768x960.jpg 768w\" sizes=\"(max-width: 895px) 100vw, 895px\" \/>\t\t\t\t\t\t\t\t\t\t\t\t\t\t\t<\/div>\n\t\t\t\t<\/div>\n\t\t<div class=\"elementor-element elementor-element-f550b7f e-con-full e-flex e-con e-child\" data-id=\"f550b7f\" data-element_type=\"container\" data-settings=\"{&quot;background_background&quot;:&quot;classic&quot;,&quot;jet_parallax_layout_list&quot;:[]}\">\n\t\t\t\t<div class=\"elementor-element elementor-element-46b1f3f elementor-widget elementor-widget-heading\" data-id=\"46b1f3f\" data-element_type=\"widget\" data-widget_type=\"heading.default\">\n\t\t\t\t<div class=\"elementor-widget-container\">\n\t\t\t\t\t<h2 class=\"elementor-heading-title elementor-size-default\"><a href=\"https:\/\/spo.daruszinyi.hu\/en\/csapattagok\/david-biro\/\">D\u00e1vid Bir\u00f3<\/a><\/h2>\t\t\t\t<\/div>\n\t\t\t\t<\/div>\n\t\t\t\t<div class=\"elementor-element elementor-element-48d0ae7 elementor-widget elementor-widget-heading\" data-id=\"48d0ae7\" data-element_type=\"widget\" data-widget_type=\"heading.default\">\n\t\t\t\t<div class=\"elementor-widget-container\">\n\t\t\t\t\t<h2 class=\"elementor-heading-title elementor-size-default\">President, Coordinator<\/h2>\t\t\t\t<\/div>\n\t\t\t\t<\/div>\n\t\t\t\t<\/div>\n\t\t\t\t<\/div>\n\t\t\t\t\t<\/div>\n\t\t\t\t<\/div>\n\t\t\t\t<\/div>\n\t\t<a href=\"#\" class=\"jet-engine-listing-overlay-link\"><\/a><\/div><\/div><\/div><\/div>\t\t\t\t<\/div>\n\t\t\t\t<\/div>\n\t\t\t\t<div class=\"elementor-element elementor-element-883aff4 elementor-widget__width-initial elementor-widget elementor-widget-jet-listing-grid\" data-id=\"883aff4\" data-element_type=\"widget\" data-settings=\"{&quot;columns&quot;:&quot;4&quot;}\" data-widget_type=\"jet-listing-grid.default\">\n\t\t\t\t<div class=\"elementor-widget-container\">\n\t\t\t\t\t<div class=\"jet-listing-grid jet-listing\"><div class=\"jet-listing-not-found jet-listing-grid__items\" data-nav=\"{&quot;enabled&quot;:false,&quot;type&quot;:null,&quot;more_el&quot;:null,&quot;query&quot;:[],&quot;widget_settings&quot;:{&quot;lisitng_id&quot;:4449,&quot;posts_num&quot;:1000,&quot;columns&quot;:4,&quot;columns_tablet&quot;:4,&quot;columns_mobile&quot;:4,&quot;column_min_width&quot;:240,&quot;column_min_width_tablet&quot;:240,&quot;column_min_width_mobile&quot;:240,&quot;inline_columns_css&quot;:false,&quot;is_archive_template&quot;:&quot;&quot;,&quot;post_status&quot;:[&quot;publish&quot;],&quot;use_random_posts_num&quot;:&quot;&quot;,&quot;max_posts_num&quot;:9,&quot;not_found_message&quot;:&quot;No event found&quot;,&quot;is_masonry&quot;:true,&quot;equal_columns_height&quot;:&quot;&quot;,&quot;use_load_more&quot;:&quot;&quot;,&quot;load_more_id&quot;:&quot;load-more-gallery&quot;,&quot;load_more_type&quot;:&quot;click&quot;,&quot;load_more_offset&quot;:{&quot;unit&quot;:&quot;px&quot;,&quot;size&quot;:0,&quot;sizes&quot;:[]},&quot;use_custom_post_types&quot;:&quot;&quot;,&quot;custom_post_types&quot;:[&quot;post&quot;],&quot;hide_widget_if&quot;:&quot;&quot;,&quot;carousel_enabled&quot;:&quot;&quot;,&quot;slides_to_scroll&quot;:&quot;1&quot;,&quot;arrows&quot;:&quot;true&quot;,&quot;arrow_icon&quot;:&quot;fa fa-angle-left&quot;,&quot;dots&quot;:&quot;&quot;,&quot;autoplay&quot;:&quot;true&quot;,&quot;pause_on_hover&quot;:&quot;true&quot;,&quot;autoplay_speed&quot;:5000,&quot;infinite&quot;:&quot;true&quot;,&quot;center_mode&quot;:&quot;&quot;,&quot;effect&quot;:&quot;slide&quot;,&quot;speed&quot;:500,&quot;inject_alternative_items&quot;:&quot;&quot;,&quot;injection_items&quot;:[],&quot;scroll_slider_enabled&quot;:&quot;&quot;,&quot;scroll_slider_on&quot;:[&quot;desktop&quot;,&quot;tablet&quot;,&quot;mobile&quot;],&quot;custom_query&quot;:&quot;yes&quot;,&quot;custom_query_id&quot;:&quot;5&quot;,&quot;_element_id&quot;:&quot;&quot;,&quot;collapse_first_last_gap&quot;:&quot;true&quot;,&quot;list_items_wrapper_tag&quot;:&quot;div&quot;,&quot;list_item_tag&quot;:&quot;div&quot;,&quot;empty_items_wrapper_tag&quot;:&quot;div&quot;}}\" data-listing-source=\"query\" data-listing-id=\"4449\" data-query-id=\"5\" data-masonry-grid-options=\"{&quot;columns&quot;:{&quot;desktop&quot;:4,&quot;tablet&quot;:4,&quot;mobile&quot;:4}}\" data-queried-id=\"4565|WP_Post\">No event found<\/div><\/div>\t\t\t\t<\/div>\n\t\t\t\t<\/div>\n\t\t\t\t<\/div>\n\t\t\t\t<\/div>\n\t\t","protected":false},"excerpt":{"rendered":"","protected":false},"author":1,"featured_media":0,"parent":0,"menu_order":0,"comment_status":"closed","ping_status":"closed","template":"elementor_header_footer","meta":{"footnotes":""},"class_list":["post-4565","page","type-page","status-publish","hentry"],"yoast_head":"<!-- This site is optimized with the Yoast SEO Premium plugin v25.0 (Yoast SEO v25.0) - https:\/\/yoast.com\/wordpress\/plugins\/seo\/ -->\n<title>About us - Sport \u00f6nk\u00e9nt<\/title>\n<meta name=\"robots\" content=\"index, follow, max-snippet:-1, max-image-preview:large, max-video-preview:-1\" \/>\n<link rel=\"canonical\" href=\"https:\/\/spo.daruszinyi.hu\/rolunk\/\" \/>\n<meta property=\"og:locale\" content=\"en_US\" \/>\n<meta property=\"og:type\" content=\"article\" \/>\n<meta property=\"og:title\" content=\"About us\" \/>\n<meta property=\"og:url\" content=\"https:\/\/spo.daruszinyi.hu\/rolunk\/\" \/>\n<meta property=\"og:site_name\" content=\"Sport \u00f6nk\u00e9nt\" \/>\n<meta property=\"article:publisher\" content=\"https:\/\/www.facebook.com\/SportOnkent\/?fref=ts\" \/>\n<meta property=\"article:modified_time\" content=\"2025-03-20T19:25:00+00:00\" \/>\n<meta name=\"twitter:card\" content=\"summary_large_image\" \/>\n<script type=\"application\/ld+json\" class=\"yoast-schema-graph\">{\"@context\":\"https:\/\/schema.org\",\"@graph\":[{\"@type\":\"WebPage\",\"@id\":\"https:\/\/spo.daruszinyi.hu\/rolunk\/\",\"url\":\"https:\/\/spo.daruszinyi.hu\/rolunk\/\",\"name\":\"About us - Sport \u00f6nk\u00e9nt\",\"isPartOf\":{\"@id\":\"https:\/\/spo.daruszinyi.hu\/#website\"},\"datePublished\":\"2025-03-11T16:18:29+00:00\",\"dateModified\":\"2025-03-20T19:25:00+00:00\",\"breadcrumb\":{\"@id\":\"https:\/\/spo.daruszinyi.hu\/rolunk\/#breadcrumb\"},\"inLanguage\":\"en-US\",\"potentialAction\":[{\"@type\":\"ReadAction\",\"target\":[\"https:\/\/spo.daruszinyi.hu\/rolunk\/\"]}]},{\"@type\":\"BreadcrumbList\",\"@id\":\"https:\/\/spo.daruszinyi.hu\/rolunk\/#breadcrumb\",\"itemListElement\":[{\"@type\":\"ListItem\",\"position\":1,\"name\":\"Home\",\"item\":\"https:\/\/spo.daruszinyi.hu\/en\/homepage\/\"},{\"@type\":\"ListItem\",\"position\":2,\"name\":\"About us\"}]},{\"@type\":\"WebSite\",\"@id\":\"https:\/\/spo.daruszinyi.hu\/#website\",\"url\":\"https:\/\/spo.daruszinyi.hu\/\",\"name\":\"Sport-\u00f6nk\u00e9nt egyes\u00fclet\",\"description\":\"\",\"publisher\":{\"@id\":\"https:\/\/spo.daruszinyi.hu\/#organization\"},\"potentialAction\":[{\"@type\":\"SearchAction\",\"target\":{\"@type\":\"EntryPoint\",\"urlTemplate\":\"https:\/\/spo.daruszinyi.hu\/?s={search_term_string}\"},\"query-input\":{\"@type\":\"PropertyValueSpecification\",\"valueRequired\":true,\"valueName\":\"search_term_string\"}}],\"inLanguage\":\"en-US\"},{\"@type\":\"Organization\",\"@id\":\"https:\/\/spo.daruszinyi.hu\/#organization\",\"name\":\"Sport-\u00f6nk\u00e9nt egyes\u00fclet\",\"url\":\"https:\/\/spo.daruszinyi.hu\/\",\"logo\":{\"@type\":\"ImageObject\",\"inLanguage\":\"en-US\",\"@id\":\"https:\/\/spo.daruszinyi.hu\/#\/schema\/logo\/image\/\",\"url\":\"https:\/\/spo.daruszinyi.hu\/wp-content\/uploads\/2025\/03\/logo-6.png\",\"contentUrl\":\"https:\/\/spo.daruszinyi.hu\/wp-content\/uploads\/2025\/03\/logo-6.png\",\"width\":256,\"height\":66,\"caption\":\"Sport-\u00f6nk\u00e9nt egyes\u00fclet\"},\"image\":{\"@id\":\"https:\/\/spo.daruszinyi.hu\/#\/schema\/logo\/image\/\"},\"sameAs\":[\"https:\/\/www.facebook.com\/SportOnkent\/?fref=ts\",\"https:\/\/www.instagram.com\/sportonkent\/\"]}]}<\/script>\n<!-- \/ Yoast SEO Premium plugin. -->","yoast_head_json":{"title":"About us - Sport \u00f6nk\u00e9nt","robots":{"index":"index","follow":"follow","max-snippet":"max-snippet:-1","max-image-preview":"max-image-preview:large","max-video-preview":"max-video-preview:-1"},"canonical":"https:\/\/spo.daruszinyi.hu\/rolunk\/","og_locale":"en_US","og_type":"article","og_title":"About us","og_url":"https:\/\/spo.daruszinyi.hu\/rolunk\/","og_site_name":"Sport \u00f6nk\u00e9nt","article_publisher":"https:\/\/www.facebook.com\/SportOnkent\/?fref=ts","article_modified_time":"2025-03-20T19:25:00+00:00","twitter_card":"summary_large_image","schema":{"@context":"https:\/\/schema.org","@graph":[{"@type":"WebPage","@id":"https:\/\/spo.daruszinyi.hu\/rolunk\/","url":"https:\/\/spo.daruszinyi.hu\/rolunk\/","name":"About us - Sport \u00f6nk\u00e9nt","isPartOf":{"@id":"https:\/\/spo.daruszinyi.hu\/#website"},"datePublished":"2025-03-11T16:18:29+00:00","dateModified":"2025-03-20T19:25:00+00:00","breadcrumb":{"@id":"https:\/\/spo.daruszinyi.hu\/rolunk\/#breadcrumb"},"inLanguage":"en-US","potentialAction":[{"@type":"ReadAction","target":["https:\/\/spo.daruszinyi.hu\/rolunk\/"]}]},{"@type":"BreadcrumbList","@id":"https:\/\/spo.daruszinyi.hu\/rolunk\/#breadcrumb","itemListElement":[{"@type":"ListItem","position":1,"name":"Home","item":"https:\/\/spo.daruszinyi.hu\/en\/homepage\/"},{"@type":"ListItem","position":2,"name":"About us"}]},{"@type":"WebSite","@id":"https:\/\/spo.daruszinyi.hu\/#website","url":"https:\/\/spo.daruszinyi.hu\/","name":"Sport-\u00f6nk\u00e9nt egyes\u00fclet","description":"","publisher":{"@id":"https:\/\/spo.daruszinyi.hu\/#organization"},"potentialAction":[{"@type":"SearchAction","target":{"@type":"EntryPoint","urlTemplate":"https:\/\/spo.daruszinyi.hu\/?s={search_term_string}"},"query-input":{"@type":"PropertyValueSpecification","valueRequired":true,"valueName":"search_term_string"}}],"inLanguage":"en-US"},{"@type":"Organization","@id":"https:\/\/spo.daruszinyi.hu\/#organization","name":"Sport-\u00f6nk\u00e9nt egyes\u00fclet","url":"https:\/\/spo.daruszinyi.hu\/","logo":{"@type":"ImageObject","inLanguage":"en-US","@id":"https:\/\/spo.daruszinyi.hu\/#\/schema\/logo\/image\/","url":"https:\/\/spo.daruszinyi.hu\/wp-content\/uploads\/2025\/03\/logo-6.png","contentUrl":"https:\/\/spo.daruszinyi.hu\/wp-content\/uploads\/2025\/03\/logo-6.png","width":256,"height":66,"caption":"Sport-\u00f6nk\u00e9nt egyes\u00fclet"},"image":{"@id":"https:\/\/spo.daruszinyi.hu\/#\/schema\/logo\/image\/"},"sameAs":["https:\/\/www.facebook.com\/SportOnkent\/?fref=ts","https:\/\/www.instagram.com\/sportonkent\/"]}]}},"_links":{"self":[{"href":"https:\/\/spo.daruszinyi.hu\/en\/wp-json\/wp\/v2\/pages\/4565","targetHints":{"allow":["GET"]}}],"collection":[{"href":"https:\/\/spo.daruszinyi.hu\/en\/wp-json\/wp\/v2\/pages"}],"about":[{"href":"https:\/\/spo.daruszinyi.hu\/en\/wp-json\/wp\/v2\/types\/page"}],"author":[{"embeddable":true,"href":"https:\/\/spo.daruszinyi.hu\/en\/wp-json\/wp\/v2\/users\/1"}],"replies":[{"embeddable":true,"href":"https:\/\/spo.daruszinyi.hu\/en\/wp-json\/wp\/v2\/comments?post=4565"}],"version-history":[{"count":0,"href":"https:\/\/spo.daruszinyi.hu\/en\/wp-json\/wp\/v2\/pages\/4565\/revisions"}],"wp:attachment":[{"href":"https:\/\/spo.daruszinyi.hu\/en\/wp-json\/wp\/v2\/media?parent=4565"}],"curies":[{"name":"wp","href":"https:\/\/api.w.org\/{rel}","templated":true}]}}